{"id":12391,"date":"2019-04-29T14:40:03","date_gmt":"2019-04-29T14:40:03","guid":{"rendered":"https:\/\/magda.makers.ge\/gip-team\/"},"modified":"2025-01-30T10:54:31","modified_gmt":"2025-01-30T10:54:31","slug":"gip-team","status":"publish","type":"page","link":"https:\/\/gip.ge\/ka\/gip-team\/","title":{"rendered":"\u10e9\u10d5\u10d4\u10dc\u10d8 \u10d2\u10e3\u10dc\u10d3\u10d8"},"content":{"rendered":"<div class=\"wpb-content-wrapper\"><p>[vc_section css=&#8221;.vc_custom_1598193941997{padding-top: 0px !important;}&#8221;][vc_row css=&#8221;.vc_custom_1598193951053{padding-top: 0px !important;}&#8221;][vc_column]<div class=\"wpb_content_element \"><style type=\"text\/css\">#ut_header_69e328dbeb7b3 h2.section-title { font-size:32px !important;letter-spacing:-0.03em; }<\/style><header id=\"ut_header_69e328dbeb7b3\" class=\"section-header  ut-no-title-linebreak-mobile ut-no-lead-linebreak-mobile pt-style-7 header-center header-tablet-center header-mobile-center\"><h2 data-title=\"\u10e9\u10d5\u10d4\u10dc\u10d8 \u10d2\u10e3\u10dc\u10d3\u10d8\"  data-responsive-font=\"section_title\" data-responsive-font-settings=\"{&quot;base-font-size&quot;:&quot;32&quot;,&quot;font-size-unit&quot;:&quot;px&quot;,&quot;font-size&quot;:{&quot;desktop_large&quot;:&quot;32&quot;},&quot;base-line-height&quot;:&quot;global&quot;,&quot;base-letter-spacing&quot;:&quot;global&quot;,&quot;letter-spacing&quot;:{&quot;desktop_large&quot;:&quot;-0.03&quot;}}\" class=\"section-title  \"><span>\u10e9\u10d5\u10d4\u10dc\u10d8 \u10d2\u10e3\u10dc\u10d3\u10d8<\/span><\/h2><div data-delay=\"0\" class=\"lead \"><p>GIP- \u10d8\u10e1 \u10d2\u10e3\u10dc\u10d3\u10d8 \u10d3\u10d0\u10d0\u10e0\u10e1\u10d4\u10d1\u10d8\u10e1 \u10d3\u10e6\u10d8\u10d3\u10d0\u10dc \u10e3\u10ec\u10e7\u10d5\u10d4\u10e2 \u10e0\u10d4\u10df\u10d8\u10db\u10e8\u10d8 \u10d5\u10d8\u10d7\u10d0\u10e0\u10d3\u10d4\u10d1\u10d0. \u10dd\u10e0\u10d2\u10d0\u10dc\u10d8\u10d6\u10d0\u10ea\u10d8\u10d8\u10e1 \u10db\u10d7\u10d0\u10d5\u10d0\u10e0\u10d8 \u10db\u10d8\u10d6\u10d0\u10dc\u10d8 \u10d4\u10e4\u10d4\u10e5\u10e2\u10e3\u10e0\u10d8 \u10d7\u10d0\u10dc\u10d0\u10db\u10e8\u10e0\u10dd\u10db\u10da\u10dd\u10d1\u10d8\u10e1 \u10e3\u10dc\u10d0\u10e0\u10d8\u10e1, \u10e1\u10d8\u10e6\u10e0\u10db\u10d8\u10e1\u10d4\u10e3\u10da\u10d8 \u10db\u10d8\u10d3\u10d2\u10dd\u10db\u10d4\u10d1\u10d8\u10e1\u10d0 \u10d3\u10d0 \u10e4\u10d0\u10e0\u10d7\u10dd \u10de\u10d4\u10e0\u10e1\u10de\u10d4\u10e5\u10e2\u10d8\u10d5\u10d8\u10e1 \u10db\u10e5\u10dd\u10dc\u10d4 \u10d0\u10d3\u10d0\u10db\u10d8\u10d0\u10dc\u10d4\u10d1\u10d8\u10e1 \u10e1\u10d0\u10d4\u10e0\u10d7\u10dd \u10e1\u10d0\u10e5\u10db\u10d8\u10e1 \u10d2\u10d0\u10e0\u10e8\u10d4\u10db\u10dd \u10d2\u10d0\u10d4\u10e0\u10d7\u10d8\u10d0\u10dc\u10d4\u10d1\u10d0\u10d0.<br \/>\n\u10e8\u10d4\u10d8\u10e2\u10e7\u10d5\u10d4\u10d7 \u10db\u10d4\u10e2\u10d8 GIP-\u10d8\u10e1 \u10d3\u10d0\u10db\u10e4\u10e3\u10eb\u10dc\u10d4\u10d1\u10da\u10d4\u10d1\u10d8\u10e1, \u10d0\u10dc\u10d0\u10da\u10d8\u10e2\u10d8\u10d9\u10dd\u10e1\u10d7\u10d0 \u10d2\u10e3\u10dc\u10d3\u10d8\u10e1, \u10de\u10e0\u10dd\u10d4\u10e5\u10e2\u10d8\u10e1 \u10d9\u10dd\u10dd\u10e0\u10d3\u10d8\u10dc\u10d0\u10e2\u10dd\u10e0\u10d4\u10d1\u10d8\u10e1\u10d0 \u10d3\u10d0 \u10d0\u10d3\u10db\u10d8\u10dc\u10d8\u10e1\u10e2\u10e0\u10d0\u10ea\u10d8\u10e3\u10da\u10d8 \u10de\u10d4\u10e0\u10e1\u10dd\u10dc\u10d0\u10da\u10d8\u10e1 \u10e8\u10d4\u10e1\u10d0\u10ee\u10d4\u10d1.<\/p>\n<\/div><\/header><\/div>[\/vc_column][\/vc_row][vc_row][vc_column]<div class=\"ut-btn-group  ut-btn-group-center ut-btn-group-tablet-center ut-btn-group-mobile-center clearfix\"><style type=\"text\/css\">#bklyn_btn_69e328dbee24a .bklyn-btn:hover{ background-color: !important; }#bklyn_btn_69e328dbee24a .bklyn-btn:focus{ background-color: !important; }#bklyn_btn_69e328dbee24a .bklyn-btn:active { background-color: !important; }#bklyn_btn_69e328dbee24a.bklyn-btn-holder a { margin-top:0px }<\/style><div id=\"bklyn_btn_69e328dbee24a\" class=\"bklyn-btn-holder  bklyn-btn-first bklyn-btn-left bklyn-btn-tablet-left bklyn-btn-mobile-center bklyn-btn-holder-contains-fuild-button\"><a title=\"Advisory Board\"   href=\"https:\/\/gip.ge\/ka\/about-us\/gip-advisory-board\/\" target=\"_self\" class=\"bklyn-btn  bklyn-btn-with-effect bklyn-btn-effect-aylen bklyn-btn-shadow bklyn-btn-full bklyn-btn-normal\" ><span class=\"ut-btn-text\">\u10db\u10e0\u10e9\u10d4\u10d5\u10d4\u10da\u10d7\u10d0 \u10e1\u10d0\u10d1\u10ed\u10dd<\/span><\/a><\/div><style type=\"text\/css\">#bklyn_btn_69e328dbee295 .bklyn-btn:hover{ background-color: !important; }#bklyn_btn_69e328dbee295 .bklyn-btn:focus{ background-color: !important; }#bklyn_btn_69e328dbee295 .bklyn-btn:active { background-color: !important; }<\/style><div id=\"bklyn_btn_69e328dbee295\" class=\"bklyn-btn-holder  bklyn-btn-left bklyn-btn-tablet-left bklyn-btn-mobile-center bklyn-btn-holder-contains-fuild-button\"><a title=\"GIP Board\"   href=\"https:\/\/gip.ge\/ka\/about-us\/gip-board\/\" target=\"_self\" class=\"bklyn-btn  bklyn-btn-with-effect bklyn-btn-effect-aylen bklyn-btn-shadow bklyn-btn-full bklyn-btn-normal\" ><span class=\"ut-btn-text\">\u10d2\u10d0\u10db\u10d2\u10d4\u10dd\u10d1\u10d0<\/span><\/a><\/div><style type=\"text\/css\">#bklyn_btn_69e328dbee2bd .bklyn-btn { color:#3f3f3f !important; background-color:#d0d0d0 !important; }#bklyn_btn_69e328dbee2bd .bklyn-btn:hover{ color:#ffffff !important; background-color:#d0d0d0 !important; }#bklyn_btn_69e328dbee2bd .bklyn-btn:focus{ color:#ffffff !important; background-color:#d0d0d0 !important; }#bklyn_btn_69e328dbee2bd .bklyn-btn:active { color:#ffffff !important; background-color:#d0d0d0 !important; }<\/style><div id=\"bklyn_btn_69e328dbee2bd\" class=\"bklyn-btn-holder  bklyn-btn-left bklyn-btn-tablet-left bklyn-btn-mobile-center bklyn-btn-holder-contains-fuild-button\"><a title=\"GIP Team\"   href=\"#\" target=\"_self\" class=\"bklyn-btn  bklyn-btn-with-effect bklyn-btn-effect-aylen bklyn-btn-shadow bklyn-btn-full bklyn-btn-normal\" ><span class=\"ut-btn-text\">\u10d2\u10e3\u10dc\u10d3\u10d8<\/span><\/a><\/div><style type=\"text\/css\">#bklyn_btn_69e328dbee30c .bklyn-btn:hover{ background-color: !important; }#bklyn_btn_69e328dbee30c .bklyn-btn:focus{ background-color: !important; }#bklyn_btn_69e328dbee30c .bklyn-btn:active { background-color: !important; }<\/style><div id=\"bklyn_btn_69e328dbee30c\" class=\"bklyn-btn-holder  bklyn-btn-left bklyn-btn-tablet-left bklyn-btn-mobile-center bklyn-btn-holder-contains-fuild-button\"><a title=\"Affilated Analysts\"   href=\"https:\/\/gip.ge\/ka\/affiliated-analysts\/\" target=\"_self\" class=\"bklyn-btn  bklyn-btn-with-effect bklyn-btn-effect-aylen bklyn-btn-shadow bklyn-btn-full bklyn-btn-normal\" ><span class=\"ut-btn-text\">\u10d0\u10e4\u10d8\u10da\u10d8\u10e0\u10d4\u10d1\u10e3\u10da\u10d8 \u10d0\u10dc\u10d0\u10da\u10d8\u10e2\u10d8\u10d9\u10dd\u10e1\u10d4\u10d1\u10d8<\/span><\/a><\/div><style type=\"text\/css\">#bklyn_btn_69e328dbee32f .bklyn-btn:hover{ background-color: !important; }#bklyn_btn_69e328dbee32f .bklyn-btn:focus{ background-color: !important; }#bklyn_btn_69e328dbee32f .bklyn-btn:active { background-color: !important; }<\/style><div id=\"bklyn_btn_69e328dbee32f\" class=\"bklyn-btn-holder  bklyn-btn-last bklyn-btn-left bklyn-btn-tablet-left bklyn-btn-mobile-center bklyn-btn-holder-contains-fuild-button\"><a title=\"Affilated Analysts\"   href=\"https:\/\/gip.ge\/ka\/Interns\/\" target=\"_self\" class=\"bklyn-btn  bklyn-btn-with-effect bklyn-btn-effect-aylen bklyn-btn-shadow bklyn-btn-full bklyn-btn-normal\" ><span class=\"ut-btn-text\">\u10e1\u10e2\u10d0\u10df\u10d8\u10dd\u10e0\u10d4\u10d1\u10d8<\/span><\/a><\/div><\/div>[\/vc_column][\/vc_row][\/vc_section][vc_section][vc_row][vc_column width=&#8221;1\/5&#8243;]<div class=\"wpb_content_element \"><style type=\"text\/css\">#ut_tm_69e328dc16d0b .bklyn-team-member-social-icons { border-color: #4b207a; }#ut_tm_69e328dc16d0b .bklyn-team-member-ocupation { font-weight: normal; }#ut_tm_69e328dc16d0b .bklyn-team-member-social-icons a:hover { color: rgba(75, 32, 122, 1); }#ut_tm_69e328dc16d0b .bklyn-team-member-social-icons a:focus { color: rgba(75, 32, 122, 1); }#ut_tm_69e328dc16d0b .bklyn-team-member-social-icons a:active { color: rgba(75, 32, 122, 1); }<\/style><div id=\"ut_tm_69e328dc16d0b\" class=\"bklyn-team-member bklyn-team-member-style-1  bklyn-team-member-center\"><a title=\"\" href=\"https:\/\/gip.ge\/ka\/kornely-kakachia\" target=\"_self\" ><div class=\"bklyn-team-member-avatar \"><img decoding=\"async\" alt=\"Prof. Kornely Kakachia\" class=\"ut-lozad\" src=\"data:image\/svg+xml;charset=utf-8,%3Csvg xmlns%3D'http%3A%2F%2Fwww.w3.org%2F2000%2Fsvg' viewBox%3D'0 0 1300 867'%2F%3E\" data-src=\"https:\/\/gip.ge\/wp-content\/uploads\/2022\/01\/Prof.-Kornely-Kakachia.jpg\"><\/div><\/a><div class=\"bklyn-team-member-info\"><h3 class=\"bklyn-team-member-name\">\u10d9\u10dd\u10e0\u10dc\u10d4\u10da\u10d8 \u10d9\u10d0\u10d9\u10d0\u10e9\u10d8\u10d0<\/h3><p class=\"bklyn-team-member-ocupation\">\u10d3\u10d8\u10e0\u10d4\u10e5\u10e2\u10dd\u10e0\u10d8<\/p><\/div><\/div><\/div>[\/vc_column][vc_column width=&#8221;1\/5&#8243;]<div class=\"wpb_content_element \"><style type=\"text\/css\">#ut_tm_69e328dc35b20 .bklyn-team-member-ocupation { font-weight: normal; }#ut_tm_69e328dc35b20 .bklyn-team-member-social-icons a:hover { color: rgba(75, 32, 122, 1); }#ut_tm_69e328dc35b20 .bklyn-team-member-social-icons a:focus { color: rgba(75, 32, 122, 1); }#ut_tm_69e328dc35b20 .bklyn-team-member-social-icons a:active { color: rgba(75, 32, 122, 1); }<\/style><div id=\"ut_tm_69e328dc35b20\" class=\"bklyn-team-member bklyn-team-member-style-1  bklyn-team-member-center\"><a title=\"\" href=\"https:\/\/gip.ge\/ka\/renata-skardziute-kereselidze\" target=\"_self\" ><div class=\"bklyn-team-member-avatar \"><img decoding=\"async\" alt=\"Ms. Reanata Skard\u017ei\u016bt\u0117-Kereselidze\" class=\"ut-lozad\" src=\"data:image\/svg+xml;charset=utf-8,%3Csvg xmlns%3D'http%3A%2F%2Fwww.w3.org%2F2000%2Fsvg' viewBox%3D'0 0 1300 867'%2F%3E\" data-src=\"https:\/\/gip.ge\/wp-content\/uploads\/2022\/01\/Ms.-Reanata-Skardziute-Kereselidze-1.jpg\"><\/div><\/a><div class=\"bklyn-team-member-info\"><h3 class=\"bklyn-team-member-name\">\u10e0\u10d4\u10dc\u10d0\u10e2\u10d0 \u10e1\u10d9\u10d0\u10e0\u10ef\u10e3\u10e2\u10d4-\u10d9\u10d4\u10e0\u10d4\u10e1\u10d4\u10da\u10d8\u10eb\u10d4<\/h3><p class=\"bklyn-team-member-ocupation\">\u10d3\u10d8\u10e0\u10d4\u10e5\u10e2\u10dd\u10e0\u10d8\u10e1 \u10db\u10dd\u10d0\u10d3\u10d2\u10d8\u10da\u10d4<\/p><\/div><\/div><\/div>[\/vc_column][vc_column width=&#8221;1\/5&#8243;]<div class=\"wpb_content_element \"><style type=\"text\/css\">#ut_tm_69e328dc57a39 .bklyn-team-member-ocupation { font-weight: normal; }#ut_tm_69e328dc57a39 .bklyn-team-member-social-icons a:hover { color: rgba(75, 32, 122, 1); }#ut_tm_69e328dc57a39 .bklyn-team-member-social-icons a:focus { color: rgba(75, 32, 122, 1); }#ut_tm_69e328dc57a39 .bklyn-team-member-social-icons a:active { color: rgba(75, 32, 122, 1); }<\/style><div id=\"ut_tm_69e328dc57a39\" class=\"bklyn-team-member bklyn-team-member-style-1  bklyn-team-member-center\"><a title=\"\" href=\"https:\/\/gip.ge\/ka\/giorgi-aptsiauri\" target=\"_self\" ><div class=\"bklyn-team-member-avatar \"><img decoding=\"async\" alt=\"ZNPH7315\" class=\"ut-lozad\" src=\"data:image\/svg+xml;charset=utf-8,%3Csvg xmlns%3D'http%3A%2F%2Fwww.w3.org%2F2000%2Fsvg' viewBox%3D'0 0 1300 867'%2F%3E\" data-src=\"https:\/\/gip.ge\/wp-content\/uploads\/2022\/03\/ZNPH7315-1300x867.jpg\"><\/div><\/a><div class=\"bklyn-team-member-info\"><h3 class=\"bklyn-team-member-name\">\u10d2\u10d8\u10dd\u10e0\u10d2\u10d8 \u10d0\u10e4\u10ea\u10d8\u10d0\u10e3\u10e0\u10d8<\/h3><p class=\"bklyn-team-member-ocupation\">\u10e4\u10d8\u10dc\u10d0\u10dc\u10e1\u10e3\u10e0\u10d8 \u10db\u10d4\u10dc\u10d4\u10ef\u10d4\u10e0\u10d8<\/p><\/div><\/div><\/div>[\/vc_column][vc_column width=&#8221;1\/5&#8243;]<div class=\"wpb_content_element \"><style type=\"text\/css\">#ut_tm_69e328dc768eb .bklyn-team-member-ocupation { font-weight: normal; }#ut_tm_69e328dc768eb .bklyn-team-member-social-icons a:hover { color: rgba(75, 32, 122, 1); }#ut_tm_69e328dc768eb .bklyn-team-member-social-icons a:focus { color: rgba(75, 32, 122, 1); }#ut_tm_69e328dc768eb .bklyn-team-member-social-icons a:active { color: rgba(75, 32, 122, 1); }<\/style><div id=\"ut_tm_69e328dc768eb\" class=\"bklyn-team-member bklyn-team-member-style-1  bklyn-team-member-center\"><a title=\"\" href=\"https:\/\/gip.ge\/ka\/nino-kuparashvili\" target=\"_self\" ><div class=\"bklyn-team-member-avatar \"><img decoding=\"async\" alt=\"ZNPH7354\" class=\"ut-lozad\" src=\"data:image\/svg+xml;charset=utf-8,%3Csvg xmlns%3D'http%3A%2F%2Fwww.w3.org%2F2000%2Fsvg' viewBox%3D'0 0 1300 867'%2F%3E\" data-src=\"https:\/\/gip.ge\/wp-content\/uploads\/2022\/03\/ZNPH7354-1300x867.jpg\"><\/div><\/a><div class=\"bklyn-team-member-info\"><h3 class=\"bklyn-team-member-name\">\u10dc\u10d8\u10dc\u10dd \u10e5\u10e3\u10e4\u10d0\u10e0\u10d0\u10e8\u10d5\u10d8\u10da\u10d8<\/h3><p class=\"bklyn-team-member-ocupation\">\u10e4\u10d8\u10dc\u10d0\u10dc\u10e1\u10e3\u10e0\u10d8 \u10d0\u10e1\u10d8\u10e1\u10e2\u10d4\u10dc\u10e2\u10d8<\/p><\/div><\/div><\/div>[\/vc_column][vc_column width=&#8221;1\/5&#8243;]<div class=\"wpb_content_element \"><style type=\"text\/css\">#ut_tm_69e328dc9473b .bklyn-team-member-social-icons { border-color: #4b207a; }#ut_tm_69e328dc9473b .bklyn-team-member-ocupation { font-weight: normal; }#ut_tm_69e328dc9473b .bklyn-team-member-social-icons a:hover { color: rgba(75, 32, 122, 1); }#ut_tm_69e328dc9473b .bklyn-team-member-social-icons a:focus { color: rgba(75, 32, 122, 1); }#ut_tm_69e328dc9473b .bklyn-team-member-social-icons a:active { color: rgba(75, 32, 122, 1); }<\/style><div id=\"ut_tm_69e328dc9473b\" class=\"bklyn-team-member bklyn-team-member-style-1  bklyn-team-member-center\"><div class=\"bklyn-team-member-avatar \"><img decoding=\"async\" alt=\"8A0A1784\" class=\"ut-lozad\" src=\"data:image\/svg+xml;charset=utf-8,%3Csvg xmlns%3D'http%3A%2F%2Fwww.w3.org%2F2000%2Fsvg' viewBox%3D'0 0 1300 867'%2F%3E\" data-src=\"https:\/\/gip.ge\/wp-content\/uploads\/2022\/03\/8A0A1784-1300x867.jpg\"><\/div><div class=\"bklyn-team-member-info\"><h3 class=\"bklyn-team-member-name\">\u10e5\u10e0\u10d8\u10e1\u10e2\u10d8\u10dc\u10d4 \u10e9\u10d8\u10ee\u10da\u10d0\u10eb\u10d4<\/h3><p class=\"bklyn-team-member-ocupation\">\u10d9\u10dd\u10db\u10e3\u10dc\u10d8\u10d9\u10d0\u10ea\u10d8\u10d4\u10d1\u10d8\u10e1 \u10dd\u10e4\u10d8\u10ea\u10d4\u10e0\u10d8<\/p><\/div><\/div><\/div>[\/vc_column][\/vc_row][vc_row][vc_column width=&#8221;1\/5&#8243;]<div class=\"wpb_content_element \"><style type=\"text\/css\">#ut_tm_69e328dcb2da1 .bklyn-team-member-social-icons { border-color: #4b207a; }#ut_tm_69e328dcb2da1 .bklyn-team-member-ocupation { font-weight: normal; }#ut_tm_69e328dcb2da1 .bklyn-team-member-social-icons a:hover { color: rgba(75, 32, 122, 1); }#ut_tm_69e328dcb2da1 .bklyn-team-member-social-icons a:focus { color: rgba(75, 32, 122, 1); }#ut_tm_69e328dcb2da1 .bklyn-team-member-social-icons a:active { color: rgba(75, 32, 122, 1); }<\/style><div id=\"ut_tm_69e328dcb2da1\" class=\"bklyn-team-member bklyn-team-member-style-1  bklyn-team-member-center\"><a title=\"\" href=\"https:\/\/gip.ge\/ka\/mariam-kvetenadzegeo\/\" target=\"_self\" ><div class=\"bklyn-team-member-avatar \"><img decoding=\"async\" alt=\"Mariam Kvetenadze\" class=\"ut-lozad\" src=\"data:image\/svg+xml;charset=utf-8,%3Csvg xmlns%3D'http%3A%2F%2Fwww.w3.org%2F2000%2Fsvg' viewBox%3D'0 0 1300 867'%2F%3E\" data-src=\"https:\/\/gip.ge\/wp-content\/uploads\/2024\/12\/Mariam-Kvetenadze-1-1300x867.jpg\"><\/div><\/a><div class=\"bklyn-team-member-info\"><h3 class=\"bklyn-team-member-name\">\u10db\u10d0\u10e0\u10d8\u10d0\u10db \u10d9\u10d5\u10d4\u10e2\u10d4\u10dc\u10d0\u10eb\u10d4<\/h3><p class=\"bklyn-team-member-ocupation\">\u10de\u10e0\u10dd\u10d4\u10e5\u10e2\u10d8\u10e1 \u10dd\u10e4\u10d8\u10ea\u10d4\u10e0\u10d8<\/p><\/div><\/div><\/div>[\/vc_column][vc_column width=&#8221;1\/5&#8243;]<div class=\"wpb_content_element \"><style type=\"text\/css\">#ut_tm_69e328dccd160 .bklyn-team-member-social-icons { border-color: #4b207a; }#ut_tm_69e328dccd160 .bklyn-team-member-ocupation { font-weight: normal; }#ut_tm_69e328dccd160 .bklyn-team-member-social-icons a:hover { color: rgba(75, 32, 122, 1); }#ut_tm_69e328dccd160 .bklyn-team-member-social-icons a:focus { color: rgba(75, 32, 122, 1); }#ut_tm_69e328dccd160 .bklyn-team-member-social-icons a:active { color: rgba(75, 32, 122, 1); }<\/style><div id=\"ut_tm_69e328dccd160\" class=\"bklyn-team-member bklyn-team-member-style-1  bklyn-team-member-center\"><a title=\"\" href=\"https:\/\/gip.ge\/ka\/erekle-gozalishvli\/\" target=\"_self\" ><div class=\"bklyn-team-member-avatar \"><img decoding=\"async\" alt=\"Erekle\" class=\"ut-lozad\" src=\"data:image\/svg+xml;charset=utf-8,%3Csvg xmlns%3D'http%3A%2F%2Fwww.w3.org%2F2000%2Fsvg' viewBox%3D'0 0 480 484'%2F%3E\" data-src=\"https:\/\/gip.ge\/wp-content\/uploads\/2023\/10\/Erekle-e1738234445768.jpg\"><\/div><\/a><div class=\"bklyn-team-member-info\"><h3 class=\"bklyn-team-member-name\">\u10d4\u10e0\u10d4\u10d9\u10da\u10d4 \u10d2\u10dd\u10d6\u10d0\u10da\u10d8\u10e8\u10d5\u10d8\u10da\u10d8<\/h3><p class=\"bklyn-team-member-ocupation\">\u10d9\u10dd\u10db\u10e3\u10dc\u10d8\u10d9\u10d0\u10ea\u10d8\u10d4\u10d1\u10d8\u10e1 \u10dd\u10e4\u10d8\u10ea\u10d4\u10e0\u10d8<\/p><\/div><\/div><\/div>[\/vc_column][vc_column width=&#8221;1\/5&#8243;][\/vc_column][vc_column width=&#8221;1\/5&#8243;][\/vc_column][vc_column width=&#8221;1\/5&#8243;][\/vc_column][\/vc_row][vc_row][vc_column width=&#8221;1\/5&#8243;][\/vc_column][vc_column width=&#8221;1\/5&#8243;][\/vc_column][vc_column width=&#8221;1\/5&#8243;][\/vc_column][vc_column width=&#8221;1\/5&#8243;][\/vc_column][vc_column width=&#8221;1\/5&#8243;][\/vc_column][\/vc_row][\/vc_section][vc_section css=&#8221;.vc_custom_1598186772275{padding-top: 0px !important;}&#8221;][vc_row][vc_column]<div class=\"wpb_content_element  vc_custom_1642113329996\"><style type=\"text\/css\">#ut_header_69e328dccd95a h2.section-title { font-size:32px !important;line-height:83px !important;letter-spacing:-0.03em; }<\/style><header id=\"ut_header_69e328dccd95a\" class=\"section-header  ut-no-title-linebreak-mobile ut-no-lead-linebreak-mobile pt-style-7 header-center header-tablet-center header-mobile-center\"><h2 data-title=\"\u10de\u10dd\u10da\u10d8\u10e2\u10d8\u10d9\u10d8\u10e1 \u10d0\u10dc\u10d0\u10da\u10d8\u10e2\u10d8\u10d9\u10dd\u10e1\u10d4\u10d1\u10d8\"  data-responsive-font=\"section_title\" data-responsive-font-settings=\"{&quot;base-font-size&quot;:&quot;32&quot;,&quot;font-size-unit&quot;:&quot;px&quot;,&quot;font-size&quot;:{&quot;desktop_large&quot;:&quot;32&quot;},&quot;base-line-height&quot;:&quot;83&quot;,&quot;line-height-unit&quot;:&quot;px&quot;,&quot;line-height&quot;:{&quot;desktop_large&quot;:&quot;83&quot;},&quot;base-letter-spacing&quot;:&quot;global&quot;,&quot;letter-spacing&quot;:{&quot;desktop_large&quot;:&quot;-0.03&quot;}}\" class=\"section-title  \"><span>\u10de\u10dd\u10da\u10d8\u10e2\u10d8\u10d9\u10d8\u10e1 \u10d0\u10dc\u10d0\u10da\u10d8\u10e2\u10d8\u10d9\u10dd\u10e1\u10d4\u10d1\u10d8<\/span><\/h2><\/header><\/div>[\/vc_column][\/vc_row][vc_row][vc_column width=&#8221;1\/6&#8243;][\/vc_column][vc_column width=&#8221;1\/6&#8243;]<div class=\"wpb_content_element \"><style type=\"text\/css\">#ut_tm_69e328dce6f52 .bklyn-team-member-ocupation { font-weight: normal; }#ut_tm_69e328dce6f52 .bklyn-team-member-social-icons a:hover { color: rgba(75, 32, 122, 1); }#ut_tm_69e328dce6f52 .bklyn-team-member-social-icons a:focus { color: rgba(75, 32, 122, 1); }#ut_tm_69e328dce6f52 .bklyn-team-member-social-icons a:active { color: rgba(75, 32, 122, 1); }<\/style><div id=\"ut_tm_69e328dce6f52\" class=\"bklyn-team-member bklyn-team-member-style-1  bklyn-team-member-center\"><a title=\"Shota Kakabadze\" href=\"https:\/\/gip.ge\/ka\/shota-kakabadze\/\" target=\"_self\" ><div class=\"bklyn-team-member-avatar \"><img decoding=\"async\" alt=\"ZNPH7329\" class=\"ut-lozad\" src=\"data:image\/svg+xml;charset=utf-8,%3Csvg xmlns%3D'http%3A%2F%2Fwww.w3.org%2F2000%2Fsvg' viewBox%3D'0 0 1300 867'%2F%3E\" data-src=\"https:\/\/gip.ge\/wp-content\/uploads\/2021\/09\/ZNPH7329-1300x867.jpg\"><\/div><\/a><div class=\"bklyn-team-member-info\"><h3 class=\"bklyn-team-member-name\">\u10e8\u10dd\u10d7\u10d0 \u10d9\u10d0\u10d9\u10d0\u10d1\u10d0\u10eb\u10d4<\/h3><\/div><\/div><\/div>[\/vc_column][vc_column width=&#8221;1\/6&#8243;]<div class=\"wpb_content_element \"><style type=\"text\/css\">#ut_tm_69e328dd08660 .bklyn-team-member-ocupation { font-weight: normal; }#ut_tm_69e328dd08660 .bklyn-team-member-social-icons a:hover { color: rgba(75, 32, 122, 1); }#ut_tm_69e328dd08660 .bklyn-team-member-social-icons a:focus { color: rgba(75, 32, 122, 1); }#ut_tm_69e328dd08660 .bklyn-team-member-social-icons a:active { color: rgba(75, 32, 122, 1); }<\/style><div id=\"ut_tm_69e328dd08660\" class=\"bklyn-team-member bklyn-team-member-style-1  bklyn-team-member-center\"><a title=\"\" href=\"https:\/\/gip.ge\/ka\/bidzina-lebanidze\" target=\"_self\" ><div class=\"bklyn-team-member-avatar \"><img decoding=\"async\" alt=\"BidzinaLebanidze\" class=\"ut-lozad\" src=\"data:image\/svg+xml;charset=utf-8,%3Csvg xmlns%3D'http%3A%2F%2Fwww.w3.org%2F2000%2Fsvg' viewBox%3D'0 0 563 666'%2F%3E\" data-src=\"https:\/\/gip.ge\/wp-content\/uploads\/2020\/08\/BidzinaLebanidze.jpg\"><\/div><\/a><div class=\"bklyn-team-member-info\"><h3 class=\"bklyn-team-member-name\">\u10d1\u10d8\u10eb\u10d8\u10dc\u10d0 \u10da\u10d4\u10d1\u10d0\u10dc\u10d8\u10eb\u10d4<\/h3><\/div><\/div><\/div>[\/vc_column][vc_column width=&#8221;1\/6&#8243;]<div class=\"wpb_content_element \"><style type=\"text\/css\">#ut_tm_69e328dd26b3b .bklyn-team-member-ocupation { font-weight: normal; }#ut_tm_69e328dd26b3b .bklyn-team-member-social-icons a:hover { color: rgba(75, 32, 122, 1); }#ut_tm_69e328dd26b3b .bklyn-team-member-social-icons a:focus { color: rgba(75, 32, 122, 1); }#ut_tm_69e328dd26b3b .bklyn-team-member-social-icons a:active { color: rgba(75, 32, 122, 1); }<\/style><div id=\"ut_tm_69e328dd26b3b\" class=\"bklyn-team-member bklyn-team-member-style-1  bklyn-team-member-center\"><a title=\"\" href=\"https:\/\/gip.ge\/ka\/salome-kandelaki\" target=\"_self\" ><div class=\"bklyn-team-member-avatar \"><img decoding=\"async\" alt=\"ZNPH7293-1\" class=\"ut-lozad\" src=\"data:image\/svg+xml;charset=utf-8,%3Csvg xmlns%3D'http%3A%2F%2Fwww.w3.org%2F2000%2Fsvg' viewBox%3D'0 0 1300 867'%2F%3E\" data-src=\"https:\/\/gip.ge\/wp-content\/uploads\/2022\/03\/ZNPH7293-1-1300x867.jpg\"><\/div><\/a><div class=\"bklyn-team-member-info\"><h3 class=\"bklyn-team-member-name\">\u10e1\u10d0\u10da\u10dd\u10db\u10d4 \u10d9\u10d0\u10dc\u10d3\u10d4\u10da\u10d0\u10d9\u10d8<\/h3><\/div><\/div><\/div>[\/vc_column][vc_column width=&#8221;1\/6&#8243;][\/vc_column][vc_column width=&#8221;1\/6&#8243;][\/vc_column][\/vc_row][\/vc_section]<\/p>\n<\/div>","protected":false},"excerpt":{"rendered":"<p>[vc_section css=&#8221;.vc_custom_1598193941997{padding-top: 0px !important;}&#8221;][vc_row css=&#8221;.vc_custom_1598193951053{padding-top: 0px !important;}&#8221;][vc_column][\/vc_column][\/vc_row][vc_row][vc_column][\/vc_column][\/vc_row][\/vc_section][vc_section][vc_row][vc_column width=&#8221;1\/5&#8243;][\/vc_column][vc_column width=&#8221;1\/5&#8243;][\/vc_column][vc_column width=&#8221;1\/5&#8243;][\/vc_column][vc_column width=&#8221;1\/5&#8243;][\/vc_column][vc_column width=&#8221;1\/5&#8243;][\/vc_column][\/vc_row][vc_row][vc_column width=&#8221;1\/5&#8243;][\/vc_column][vc_column width=&#8221;1\/5&#8243;][\/vc_column][vc_column width=&#8221;1\/5&#8243;][\/vc_column][vc_column width=&#8221;1\/5&#8243;][\/vc_column][vc_column width=&#8221;1\/5&#8243;][\/vc_column][\/vc_row][vc_row][vc_column width=&#8221;1\/5&#8243;][\/vc_column][vc_column width=&#8221;1\/5&#8243;][\/vc_column][vc_column width=&#8221;1\/5&#8243;][\/vc_column][vc_column width=&#8221;1\/5&#8243;][\/vc_column][vc_column width=&#8221;1\/5&#8243;][\/vc_column][\/vc_row][\/vc_section][vc_section css=&#8221;.vc_custom_1598186772275{padding-top: 0px !important;}&#8221;][vc_row][vc_column][\/vc_column][\/vc_row][vc_row][vc_column width=&#8221;1\/6&#8243;][\/vc_column][vc_column width=&#8221;1\/6&#8243;][\/vc_column][vc_column width=&#8221;1\/6&#8243;][\/vc_column][vc_column width=&#8221;1\/6&#8243;][\/vc_column][vc_column width=&#8221;1\/6&#8243;][\/vc_column][vc_column width=&#8221;1\/6&#8243;][\/vc_column][\/vc_row][\/vc_section]<\/p>\n","protected":false},"author":1,"featured_media":0,"parent":0,"menu_order":0,"comment_status":"closed","ping_status":"closed","template":"","meta":{"ep_exclude_from_search":false,"footnotes":""},"tags":[],"class_list":["post-12391","page","type-page","status-publish","hentry"],"_links":{"self":[{"href":"https:\/\/gip.ge\/ka\/wp-json\/wp\/v2\/pages\/12391","targetHints":{"allow":["GET"]}}],"collection":[{"href":"https:\/\/gip.ge\/ka\/wp-json\/wp\/v2\/pages"}],"about":[{"href":"https:\/\/gip.ge\/ka\/wp-json\/wp\/v2\/types\/page"}],"author":[{"embeddable":true,"href":"https:\/\/gip.ge\/ka\/wp-json\/wp\/v2\/users\/1"}],"replies":[{"embeddable":true,"href":"https:\/\/gip.ge\/ka\/wp-json\/wp\/v2\/comments?post=12391"}],"version-history":[{"count":7,"href":"https:\/\/gip.ge\/ka\/wp-json\/wp\/v2\/pages\/12391\/revisions"}],"predecessor-version":[{"id":35218,"href":"https:\/\/gip.ge\/ka\/wp-json\/wp\/v2\/pages\/12391\/revisions\/35218"}],"wp:attachment":[{"href":"https:\/\/gip.ge\/ka\/wp-json\/wp\/v2\/media?parent=12391"}],"wp:term":[{"taxonomy":"post_tag","embeddable":true,"href":"https:\/\/gip.ge\/ka\/wp-json\/wp\/v2\/tags?post=12391"}],"curies":[{"name":"wp","href":"https:\/\/api.w.org\/{rel}","templated":true}]}}